{"id":37,"date":"2021-04-20T17:29:35","date_gmt":"2021-04-20T17:29:35","guid":{"rendered":"http:\/\/aucafera.eu\/?page_id=37"},"modified":"2024-02-03T08:24:33","modified_gmt":"2024-02-03T08:24:33","slug":"auca-fera","status":"publish","type":"page","link":"https:\/\/aucafera.eu\/?page_id=37","title":{"rendered":"auca f\u00e8ra"},"content":{"rendered":"<div class=\"wp-block-image is-resized is-style-default\">\n<figure class=\"alignleft size-large\"><img loading=\"lazy\" decoding=\"async\" width=\"1024\" height=\"618\" src=\"https:\/\/aucafera.eu\/wp-content\/uploads\/2021\/04\/Anne-RA-11-20-e1618943507184-1024x618.jpg\" alt=\"\" class=\"wp-image-66\" srcset=\"https:\/\/aucafera.eu\/wp-content\/uploads\/2021\/04\/Anne-RA-11-20-e1618943507184-1024x618.jpg 1024w, https:\/\/aucafera.eu\/wp-content\/uploads\/2021\/04\/Anne-RA-11-20-e1618943507184-300x181.jpg 300w, https:\/\/aucafera.eu\/wp-content\/uploads\/2021\/04\/Anne-RA-11-20-e1618943507184-768x463.jpg 768w, https:\/\/aucafera.eu\/wp-content\/uploads\/2021\/04\/Anne-RA-11-20-e1618943507184.jpg 1200w\" sizes=\"auto, (max-width: 1024px) 100vw, 1024px\" \/><\/figure>\n<\/div>\n\n\n<p>Wald und Natur bieten uns modernen Menschen Raum f\u00fcr Erholung und Entspannung \u2013 und wenn wir uns wirklich einlassen wollen auf das was uns \u201eDraussen\u201c begegnet, warten echte Erlebnisse und Erfahrungen auf uns, die in \u201evirtuellen R\u00e4umen\u201c nicht vorkommen. Hier k\u00f6nnen wir lernen was es heisst, selbst Natur zu sein.<\/p>\n\n\n\n<p class=\"has-text-align-left\"><strong><em>auca f\u00e8ra<\/em> <\/strong>veranstaltet Naturerlebnisf\u00fchrungen, Erz\u00e4hlwanderungen, Kurse und Exkursionen \u00fcber Wild(es) Wissen, landschafts- und kulturgeschichtliche Themen, zu Fragen der Umweltbildung und Schulung der Wahrnehmung\/Resonanz f\u00fcr Familien, Gruppen, Einzelpersonen und Unternehmen. <\/p>\n\n\n\n<div style=\"height:7px\" aria-hidden=\"true\" class=\"wp-block-spacer\"><\/div>\n\n\n\n<ul class=\"aucaferaListe wp-block-list\">\n<li>geboren bin ich in Trier, aufgewachsen im Hunsr\u00fcck. Seit 1981 lebe ich in der Region Aachen \/ Dreil\u00e4ndereck und habe gemeinsam mit meinen Hunden Frodo und Iok in der Nordeifel am Rande des Hohen Venn Wurzeln geschlagen&nbsp;<\/li>\n\n\n\n<li>habe Vergleichende Literaturwissenschaft, Politologie, Philosophie, Betriebswirtschaft in Aachen und Gent studiert<\/li>\n\n\n\n<li>habe langj\u00e4hrige Berufserfahrung als Beraterin f\u00fcr grenz\u00fcberschreitende Unternehmensentwicklung (D-NL-B-F) und Prozessmanagement (<a rel=\"noreferrer noopener\" href=\"http:\/\/akka-aachen.de\" data-type=\"URL\" data-id=\"http:\/\/akka-aachen.de\" target=\"_blank\">akka-aachen.de<\/a>)<\/li>\n\n\n\n<li>bin leidenschaftliche J\u00e4gerin in der Eifel und im Hohen Venn und liebe es, im Revier zu arbeiten<\/li>\n\n\n\n<li>arbeite mit im Erlebnismuseum Lernort Natur \/ Rollende Waldschule (<a rel=\"noreferrer noopener\" href=\"https:\/\/erlebnismuseum-monschau.de\/\" data-type=\"URL\" data-id=\"https:\/\/erlebnismuseum-monschau.de\/\" target=\"_blank\">erlebnismuseum-monschau.de<\/a>)<\/li>\n\n\n\n<li>bin Dozentin in der Jungj\u00e4gerausbildung bei der Kreisj\u00e4gerschaft Aachen<\/li>\n\n\n\n<li>bin Diplom-Naturf\u00fchrerin Hohes Venn \/ Haus Ternell, Eupen<\/li>\n\n\n\n<li>bin Referentin f\u00fcr Politische Bildung in Vogelsang \/ Vogelsang IP, Schleiden<\/li>\n\n\n\n<li><strong><em>auca f\u00e8ra<\/em><\/strong> kommt aus dem Okzitanischen, der lenga d\u00b4\u00d2c und bedeutet Wildgans<\/li>\n<\/ul>\n\n\n\n<p><\/p>\n","protected":false},"excerpt":{"rendered":"<p>Wir nehmen Sie \/ Euch gerne mit auf unseren Waldg\u00e4ngen mitten hinein ins Naturleben:<br \/>\nSchauen, H\u00f6ren, F\u00fchlen, Lernen, Staunen, Begreifen, \u00fcber Wunder wundern<br \/>\n &#8211; die Nasen immer im Wind! <\/p>\n","protected":false},"author":1,"featured_media":22,"parent":0,"menu_order":0,"comment_status":"closed","ping_status":"closed","template":"","meta":{"footnotes":""},"class_list":["post-37","page","type-page","status-publish","has-post-thumbnail","hentry"],"_links":{"self":[{"href":"https:\/\/aucafera.eu\/index.php?rest_route=\/wp\/v2\/pages\/37","targetHints":{"allow":["GET"]}}],"collection":[{"href":"https:\/\/aucafera.eu\/index.php?rest_route=\/wp\/v2\/pages"}],"about":[{"href":"https:\/\/aucafera.eu\/index.php?rest_route=\/wp\/v2\/types\/page"}],"author":[{"embeddable":true,"href":"https:\/\/aucafera.eu\/index.php?rest_route=\/wp\/v2\/users\/1"}],"replies":[{"embeddable":true,"href":"https:\/\/aucafera.eu\/index.php?rest_route=%2Fwp%2Fv2%2Fcomments&post=37"}],"version-history":[{"count":35,"href":"https:\/\/aucafera.eu\/index.php?rest_route=\/wp\/v2\/pages\/37\/revisions"}],"predecessor-version":[{"id":202,"href":"https:\/\/aucafera.eu\/index.php?rest_route=\/wp\/v2\/pages\/37\/revisions\/202"}],"wp:featuredmedia":[{"embeddable":true,"href":"https:\/\/aucafera.eu\/index.php?rest_route=\/wp\/v2\/media\/22"}],"wp:attachment":[{"href":"https:\/\/aucafera.eu\/index.php?rest_route=%2Fwp%2Fv2%2Fmedia&parent=37"}],"curies":[{"name":"wp","href":"https:\/\/api.w.org\/{rel}","templated":true}]}}